{"id":3890,"date":"2019-03-25T03:27:28","date_gmt":"2019-03-25T02:27:28","guid":{"rendered":"https:\/\/microtek.cloud\/case-studies\/"},"modified":"2021-03-08T10:34:41","modified_gmt":"2021-03-08T09:34:41","slug":"case-studies","status":"publish","type":"page","link":"https:\/\/microtek.cloud\/de\/case-studies\/","title":{"rendered":"Case Studies"},"content":{"rendered":"<div class=\"wpb-content-wrapper\"><p>[vc_row full_width=&#8220;stretch_row&#8220; background_image=&#8220;3637&#8243; background_position=&#8220;center&#8220;][vc_column][tm_spacer size=&#8220;sm:100;lg:50&#8243;][tm_heading tag=&#8220;h4&#8243; custom_google_font=&#8220;&#8220; text_color=&#8220;custom&#8220; custom_text_color=&#8220;#000000&#8243; font_size=&#8220;xs:50;sm:50;md:55;lg:60&#8243; line_height=&#8220;1.13&#8243; sm_spacing=&#8220;padding_left:20&#8243;]Case[\/tm_heading][tm_heading tag=&#8220;h4&#8243; custom_google_font=&#8220;&#8220; text_color=&#8220;custom&#8220; custom_text_color=&#8220;#000000&#8243; font_size=&#8220;xs:50;sm:50;md:55;lg:60&#8243; line_height=&#8220;1.13&#8243; css=&#8220;.vc_custom_1612414384529{padding-left: 70px !important;}&#8220;]Studies[\/tm_heading][tm_spacer size=&#8220;lg:500&#8243;][\/vc_column][\/vc_row][vc_row full_width=&#8220;stretch_row&#8220;][vc_column][tm_spacer size=&#8220;sm:50;lg:100&#8243;][tm_heading tag=&#8220;h1&#8243; custom_google_font=&#8220;&#8220; align=&#8220;center&#8220; line_height=&#8220;1.4&#8243;]Einzige Projekte, worauf wir sehr <mark>stolz sind<\/mark>:[\/tm_heading][tm_spacer size=&#8220;lg:50&#8243;][tm_case_study style=&#8220;list&#8220; number=&#8220;3&#8243;][tm_spacer size=&#8220;sm:50;lg:100&#8243;][\/vc_column][\/vc_row][vc_section full_width=&#8220;stretch_row&#8220; background_color=&#8220;custom&#8220; custom_background_color=&#8220;#f8f8f8&#8243;][vc_row][vc_column][tm_spacer size=&#8220;lg:50&#8243;][\/vc_column][\/vc_row][vc_row][vc_column offset=&#8220;vc_col-md-5&#8243;][tm_spacer size=&#8220;lg:23&#8243;][tm_heading style=&#8220;left-line&#8220; tag=&#8220;h1&#8243; custom_google_font=&#8220;&#8220; font_weight=&#8220;600&#8243; font_size=&#8220;sm:28;md:34;lg:40&#8243;]Mobilit\u00e4t &amp; Technologie?[\/tm_heading][tm_spacer size=&#8220;lg:31&#8243;][tm_spacer size=&#8220;lg:45&#8243;][\/vc_column][vc_column offset=&#8220;vc_col-md-offset-2 vc_col-md-5&#8243;][tm_heading tag=&#8220;h4&#8243; custom_google_font=&#8220;&#8220; font_weight=&#8220;500&#8243; text_color=&#8220;primary&#8220;]SIE SIND UNSERE DNA.[\/tm_heading][tm_spacer size=&#8220;lg:20&#8243;][tm_heading tag=&#8220;div&#8220; custom_google_font=&#8220;&#8220; font_size=&#8220;lg:18&#8243;]Wir realisieren einzigartige, ma\u00dfgeschneiderte L\u00f6sungen im Mobilit\u00e4tsbereich und viel mehr.[\/tm_heading][tm_spacer size=&#8220;lg:20&#8243;][tm_button size=&#8220;sm&#8220; button=&#8220;url:%2Fde%2Fkontaktieren-sie-uns|title:KONTAKTIEREN%20SIE%20UNS&#8220;][\/vc_column][\/vc_row][vc_row][vc_column][tm_spacer size=&#8220;lg:50&#8243;][\/vc_column][\/vc_row][\/vc_section]<\/p>\n<\/div>","protected":false},"excerpt":{"rendered":"<p>[vc_row full_width=&#8220;stretch_row&#8220; background_image=&#8220;3637&#8243; background_position=&#8220;center&#8220;][vc_column][tm_spacer size=&#8220;sm:100;lg:50&#8243;][tm_heading tag=&#8220;h4&#8243; custom_google_font=&#8220;&#8220; text_color=&#8220;custom&#8220; custom_text_color=&#8220;#000000&#8243; font_size=&#8220;xs:50;sm:50;md:55;lg:60&#8243; line_height=&#8220;1.13&#8243; sm_spacing=&#8220;padding_left:20&#8243;]Case[\/tm_heading][tm_heading tag=&#8220;h4&#8243; custom_google_font=&#8220;&#8220; text_color=&#8220;custom&#8220; custom_text_color=&#8220;#000000&#8243; font_size=&#8220;xs:50;sm:50;md:55;lg:60&#8243; line_height=&#8220;1.13&#8243; css=&#8220;.vc_custom_1612414384529{padding-left: 70px !important;}&#8220;]Studies[\/tm_heading][tm_spacer size=&#8220;lg:500&#8243;][\/vc_column][\/vc_row][vc_row full_width=&#8220;stretch_row&#8220;][vc_column][tm_spacer size=&#8220;sm:50;lg:100&#8243;][tm_heading tag=&#8220;h1&#8243; custom_google_font=&#8220;&#8220; align=&#8220;center&#8220; line_height=&#8220;1.4&#8243;]Einzige Projekte, worauf wir sehr stolz sind:[\/tm_heading][tm_spacer size=&#8220;lg:50&#8243;][tm_case_study style=&#8220;list&#8220; number=&#8220;3&#8243;][tm_spacer size=&#8220;sm:50;lg:100&#8243;][\/vc_column][\/vc_row][vc_section full_width=&#8220;stretch_row&#8220; background_color=&#8220;custom&#8220; custom_background_color=&#8220;#f8f8f8&#8243;][vc_row][vc_column][tm_spacer size=&#8220;lg:50&#8243;][\/vc_column][\/vc_row][vc_row][vc_column offset=&#8220;vc_col-md-5&#8243;][tm_spacer size=&#8220;lg:23&#8243;][tm_heading style=&#8220;left-line&#8220; tag=&#8220;h1&#8243; custom_google_font=&#8220;&#8220; font_weight=&#8220;600&#8243; font_size=&#8220;sm:28;md:34;lg:40&#8243;]Mobilit\u00e4t &amp; Technologie?[\/tm_heading][tm_spacer size=&#8220;lg:31&#8243;][tm_spacer size=&#8220;lg:45&#8243;][\/vc_column][vc_column offset=&#8220;vc_col-md-offset-2 vc_col-md-5&#8243;][tm_heading tag=&#8220;h4&#8243; custom_google_font=&#8220;&#8220; font_weight=&#8220;500&#8243; text_color=&#8220;primary&#8220;]SIE SIND UNSERE DNA.[\/tm_heading][tm_spacer size=&#8220;lg:20&#8243;][tm_heading tag=&#8220;div&#8220; custom_google_font=&#8220;&#8220; font_size=&#8220;lg:18&#8243;]Wir realisieren einzigartige, ma\u00dfgeschneiderte L\u00f6sungen im Mobilit\u00e4tsbereich und viel mehr.[\/tm_heading][tm_spacer size=&#8220;lg:20&#8243;][tm_button size=&#8220;sm&#8220; button=&#8220;url:%2Fde%2Fkontaktieren-sie-uns|title:KONTAKTIEREN%20SIE%20UNS&#8220;][\/vc_column][\/vc_row][vc_row][vc_column][tm_spacer size=&#8220;lg:50&#8243;][\/vc_column][\/vc_row][\/vc_section]<\/p>\n","protected":false},"author":1,"featured_media":0,"parent":0,"menu_order":0,"comment_status":"closed","ping_status":"closed","template":"","meta":{"footnotes":""},"class_list":["post-3890","page","type-page","status-publish","hentry","post-no-thumbnail"],"yoast_head":"<!-- This site is optimized with the Yoast SEO plugin v27.4 - https:\/\/yoast.com\/product\/yoast-seo-wordpress\/ -->\n<title>Case Studies - Shaping Mobility<\/title>\n<meta name=\"robots\" content=\"index, follow, max-snippet:-1, max-image-preview:large, max-video-preview:-1\" \/>\n<link rel=\"canonical\" href=\"https:\/\/microtek.cloud\/de\/case-studies\/\" \/>\n<meta property=\"og:locale\" content=\"de_DE\" \/>\n<meta property=\"og:type\" content=\"article\" \/>\n<meta property=\"og:title\" content=\"Case Studies - Shaping Mobility\" \/>\n<meta property=\"og:description\" content=\"[vc_row full_width=&#8220;stretch_row&#8220; background_image=&#8220;3637&#8243; background_position=&#8220;center&#8220;][vc_column][tm_spacer size=&#8220;sm:100;lg:50&#8243;][tm_heading tag=&#8220;h4&#8243; custom_google_font=&#8220;&#8220; text_color=&#8220;custom&#8220; custom_text_color=&#8220;#000000&#8243; font_size=&#8220;xs:50;sm:50;md:55;lg:60&#8243; line_height=&#8220;1.13&#8243; sm_spacing=&#8220;padding_left:20&#8243;]Case[\/tm_heading][tm_heading tag=&#8220;h4&#8243; custom_google_font=&#8220;&#8220; text_color=&#8220;custom&#8220; custom_text_color=&#8220;#000000&#8243; font_size=&#8220;xs:50;sm:50;md:55;lg:60&#8243; line_height=&#8220;1.13&#8243; css=&#8220;.vc_custom_1612414384529{padding-left: 70px !important;}&#8220;]Studies[\/tm_heading][tm_spacer size=&#8220;lg:500&#8243;][\/vc_column][\/vc_row][vc_row full_width=&#8220;stretch_row&#8220;][vc_column][tm_spacer size=&#8220;sm:50;lg:100&#8243;][tm_heading tag=&#8220;h1&#8243; custom_google_font=&#8220;&#8220; align=&#8220;center&#8220; line_height=&#8220;1.4&#8243;]Einzige Projekte, worauf wir sehr stolz sind:[\/tm_heading][tm_spacer size=&#8220;lg:50&#8243;][tm_case_study style=&#8220;list&#8220; number=&#8220;3&#8243;][tm_spacer size=&#8220;sm:50;lg:100&#8243;][\/vc_column][\/vc_row][vc_section full_width=&#8220;stretch_row&#8220; background_color=&#8220;custom&#8220; custom_background_color=&#8220;#f8f8f8&#8243;][vc_row][vc_column][tm_spacer size=&#8220;lg:50&#8243;][\/vc_column][\/vc_row][vc_row][vc_column offset=&#8220;vc_col-md-5&#8243;][tm_spacer size=&#8220;lg:23&#8243;][tm_heading style=&#8220;left-line&#8220; tag=&#8220;h1&#8243; custom_google_font=&#8220;&#8220; font_weight=&#8220;600&#8243; font_size=&#8220;sm:28;md:34;lg:40&#8243;]Mobilit\u00e4t &amp; Technologie?[\/tm_heading][tm_spacer size=&#8220;lg:31&#8243;][tm_spacer size=&#8220;lg:45&#8243;][\/vc_column][vc_column offset=&#8220;vc_col-md-offset-2 vc_col-md-5&#8243;][tm_heading tag=&#8220;h4&#8243; custom_google_font=&#8220;&#8220; font_weight=&#8220;500&#8243; text_color=&#8220;primary&#8220;]SIE SIND UNSERE DNA.[\/tm_heading][tm_spacer size=&#8220;lg:20&#8243;][tm_heading tag=&#8220;div&#8220; custom_google_font=&#8220;&#8220; font_size=&#8220;lg:18&#8243;]Wir realisieren einzigartige, ma\u00dfgeschneiderte L\u00f6sungen im Mobilit\u00e4tsbereich und viel mehr.[\/tm_heading][tm_spacer size=&#8220;lg:20&#8243;][tm_button size=&#8220;sm&#8220; button=&#8220;url:%2Fde%2Fkontaktieren-sie-uns|title:KONTAKTIEREN%20SIE%20UNS&#8220;][\/vc_column][\/vc_row][vc_row][vc_column][tm_spacer size=&#8220;lg:50&#8243;][\/vc_column][\/vc_row][\/vc_section]\" \/>\n<meta property=\"og:url\" content=\"https:\/\/microtek.cloud\/de\/case-studies\/\" \/>\n<meta property=\"og:site_name\" content=\"Shaping Mobility\" \/>\n<meta property=\"article:modified_time\" content=\"2021-03-08T09:34:41+00:00\" \/>\n<meta name=\"twitter:card\" content=\"summary_large_image\" \/>\n<meta name=\"twitter:label1\" content=\"Gesch\u00e4tzte Lesezeit\" \/>\n\t<meta name=\"twitter:data1\" content=\"1\u00a0Minute\" \/>\n<script type=\"application\/ld+json\" class=\"yoast-schema-graph\">{\"@context\":\"https:\\\/\\\/schema.org\",\"@graph\":[{\"@type\":\"WebPage\",\"@id\":\"https:\\\/\\\/microtek.cloud\\\/de\\\/case-studies\\\/\",\"url\":\"https:\\\/\\\/microtek.cloud\\\/de\\\/case-studies\\\/\",\"name\":\"Case Studies - Shaping Mobility\",\"isPartOf\":{\"@id\":\"https:\\\/\\\/microtek.cloud\\\/#website\"},\"datePublished\":\"2019-03-25T02:27:28+00:00\",\"dateModified\":\"2021-03-08T09:34:41+00:00\",\"breadcrumb\":{\"@id\":\"https:\\\/\\\/microtek.cloud\\\/de\\\/case-studies\\\/#breadcrumb\"},\"inLanguage\":\"de\",\"potentialAction\":[{\"@type\":\"ReadAction\",\"target\":[\"https:\\\/\\\/microtek.cloud\\\/de\\\/case-studies\\\/\"]}]},{\"@type\":\"BreadcrumbList\",\"@id\":\"https:\\\/\\\/microtek.cloud\\\/de\\\/case-studies\\\/#breadcrumb\",\"itemListElement\":[{\"@type\":\"ListItem\",\"position\":1,\"name\":\"Home\",\"item\":\"https:\\\/\\\/microtek.cloud\\\/de\\\/microtek\\\/\"},{\"@type\":\"ListItem\",\"position\":2,\"name\":\"Case Studies\"}]},{\"@type\":\"WebSite\",\"@id\":\"https:\\\/\\\/microtek.cloud\\\/#website\",\"url\":\"https:\\\/\\\/microtek.cloud\\\/\",\"name\":\"Microtek\",\"description\":\"Shaping Mobility\",\"publisher\":{\"@id\":\"https:\\\/\\\/microtek.cloud\\\/#organization\"},\"potentialAction\":[{\"@type\":\"SearchAction\",\"target\":{\"@type\":\"EntryPoint\",\"urlTemplate\":\"https:\\\/\\\/microtek.cloud\\\/?s={search_term_string}\"},\"query-input\":{\"@type\":\"PropertyValueSpecification\",\"valueRequired\":true,\"valueName\":\"search_term_string\"}}],\"inLanguage\":\"de\"},{\"@type\":\"Organization\",\"@id\":\"https:\\\/\\\/microtek.cloud\\\/#organization\",\"name\":\"Microtek srl\",\"url\":\"https:\\\/\\\/microtek.cloud\\\/\",\"logo\":{\"@type\":\"ImageObject\",\"inLanguage\":\"de\",\"@id\":\"https:\\\/\\\/microtek.cloud\\\/#\\\/schema\\\/logo\\\/image\\\/\",\"url\":\"https:\\\/\\\/microtek.cloud\\\/wp-content\\\/uploads\\\/2021\\\/02\\\/logo_microtek_color_m.png\",\"contentUrl\":\"https:\\\/\\\/microtek.cloud\\\/wp-content\\\/uploads\\\/2021\\\/02\\\/logo_microtek_color_m.png\",\"width\":475,\"height\":96,\"caption\":\"Microtek srl\"},\"image\":{\"@id\":\"https:\\\/\\\/microtek.cloud\\\/#\\\/schema\\\/logo\\\/image\\\/\"}}]}<\/script>\n<!-- \/ Yoast SEO plugin. -->","yoast_head_json":{"title":"Case Studies - Shaping Mobility","robots":{"index":"index","follow":"follow","max-snippet":"max-snippet:-1","max-image-preview":"max-image-preview:large","max-video-preview":"max-video-preview:-1"},"canonical":"https:\/\/microtek.cloud\/de\/case-studies\/","og_locale":"de_DE","og_type":"article","og_title":"Case Studies - Shaping Mobility","og_description":"[vc_row full_width=&#8220;stretch_row&#8220; background_image=&#8220;3637&#8243; background_position=&#8220;center&#8220;][vc_column][tm_spacer size=&#8220;sm:100;lg:50&#8243;][tm_heading tag=&#8220;h4&#8243; custom_google_font=&#8220;&#8220; text_color=&#8220;custom&#8220; custom_text_color=&#8220;#000000&#8243; font_size=&#8220;xs:50;sm:50;md:55;lg:60&#8243; line_height=&#8220;1.13&#8243; sm_spacing=&#8220;padding_left:20&#8243;]Case[\/tm_heading][tm_heading tag=&#8220;h4&#8243; custom_google_font=&#8220;&#8220; text_color=&#8220;custom&#8220; custom_text_color=&#8220;#000000&#8243; font_size=&#8220;xs:50;sm:50;md:55;lg:60&#8243; line_height=&#8220;1.13&#8243; css=&#8220;.vc_custom_1612414384529{padding-left: 70px !important;}&#8220;]Studies[\/tm_heading][tm_spacer size=&#8220;lg:500&#8243;][\/vc_column][\/vc_row][vc_row full_width=&#8220;stretch_row&#8220;][vc_column][tm_spacer size=&#8220;sm:50;lg:100&#8243;][tm_heading tag=&#8220;h1&#8243; custom_google_font=&#8220;&#8220; align=&#8220;center&#8220; line_height=&#8220;1.4&#8243;]Einzige Projekte, worauf wir sehr stolz sind:[\/tm_heading][tm_spacer size=&#8220;lg:50&#8243;][tm_case_study style=&#8220;list&#8220; number=&#8220;3&#8243;][tm_spacer size=&#8220;sm:50;lg:100&#8243;][\/vc_column][\/vc_row][vc_section full_width=&#8220;stretch_row&#8220; background_color=&#8220;custom&#8220; custom_background_color=&#8220;#f8f8f8&#8243;][vc_row][vc_column][tm_spacer size=&#8220;lg:50&#8243;][\/vc_column][\/vc_row][vc_row][vc_column offset=&#8220;vc_col-md-5&#8243;][tm_spacer size=&#8220;lg:23&#8243;][tm_heading style=&#8220;left-line&#8220; tag=&#8220;h1&#8243; custom_google_font=&#8220;&#8220; font_weight=&#8220;600&#8243; font_size=&#8220;sm:28;md:34;lg:40&#8243;]Mobilit\u00e4t &amp; Technologie?[\/tm_heading][tm_spacer size=&#8220;lg:31&#8243;][tm_spacer size=&#8220;lg:45&#8243;][\/vc_column][vc_column offset=&#8220;vc_col-md-offset-2 vc_col-md-5&#8243;][tm_heading tag=&#8220;h4&#8243; custom_google_font=&#8220;&#8220; font_weight=&#8220;500&#8243; text_color=&#8220;primary&#8220;]SIE SIND UNSERE DNA.[\/tm_heading][tm_spacer size=&#8220;lg:20&#8243;][tm_heading tag=&#8220;div&#8220; custom_google_font=&#8220;&#8220; font_size=&#8220;lg:18&#8243;]Wir realisieren einzigartige, ma\u00dfgeschneiderte L\u00f6sungen im Mobilit\u00e4tsbereich und viel mehr.[\/tm_heading][tm_spacer size=&#8220;lg:20&#8243;][tm_button size=&#8220;sm&#8220; button=&#8220;url:%2Fde%2Fkontaktieren-sie-uns|title:KONTAKTIEREN%20SIE%20UNS&#8220;][\/vc_column][\/vc_row][vc_row][vc_column][tm_spacer size=&#8220;lg:50&#8243;][\/vc_column][\/vc_row][\/vc_section]","og_url":"https:\/\/microtek.cloud\/de\/case-studies\/","og_site_name":"Shaping Mobility","article_modified_time":"2021-03-08T09:34:41+00:00","twitter_card":"summary_large_image","twitter_misc":{"Gesch\u00e4tzte Lesezeit":"1\u00a0Minute"},"schema":{"@context":"https:\/\/schema.org","@graph":[{"@type":"WebPage","@id":"https:\/\/microtek.cloud\/de\/case-studies\/","url":"https:\/\/microtek.cloud\/de\/case-studies\/","name":"Case Studies - Shaping Mobility","isPartOf":{"@id":"https:\/\/microtek.cloud\/#website"},"datePublished":"2019-03-25T02:27:28+00:00","dateModified":"2021-03-08T09:34:41+00:00","breadcrumb":{"@id":"https:\/\/microtek.cloud\/de\/case-studies\/#breadcrumb"},"inLanguage":"de","potentialAction":[{"@type":"ReadAction","target":["https:\/\/microtek.cloud\/de\/case-studies\/"]}]},{"@type":"BreadcrumbList","@id":"https:\/\/microtek.cloud\/de\/case-studies\/#breadcrumb","itemListElement":[{"@type":"ListItem","position":1,"name":"Home","item":"https:\/\/microtek.cloud\/de\/microtek\/"},{"@type":"ListItem","position":2,"name":"Case Studies"}]},{"@type":"WebSite","@id":"https:\/\/microtek.cloud\/#website","url":"https:\/\/microtek.cloud\/","name":"Microtek","description":"Shaping Mobility","publisher":{"@id":"https:\/\/microtek.cloud\/#organization"},"potentialAction":[{"@type":"SearchAction","target":{"@type":"EntryPoint","urlTemplate":"https:\/\/microtek.cloud\/?s={search_term_string}"},"query-input":{"@type":"PropertyValueSpecification","valueRequired":true,"valueName":"search_term_string"}}],"inLanguage":"de"},{"@type":"Organization","@id":"https:\/\/microtek.cloud\/#organization","name":"Microtek srl","url":"https:\/\/microtek.cloud\/","logo":{"@type":"ImageObject","inLanguage":"de","@id":"https:\/\/microtek.cloud\/#\/schema\/logo\/image\/","url":"https:\/\/microtek.cloud\/wp-content\/uploads\/2021\/02\/logo_microtek_color_m.png","contentUrl":"https:\/\/microtek.cloud\/wp-content\/uploads\/2021\/02\/logo_microtek_color_m.png","width":475,"height":96,"caption":"Microtek srl"},"image":{"@id":"https:\/\/microtek.cloud\/#\/schema\/logo\/image\/"}}]}},"_links":{"self":[{"href":"https:\/\/microtek.cloud\/de\/wp-json\/wp\/v2\/pages\/3890","targetHints":{"allow":["GET"]}}],"collection":[{"href":"https:\/\/microtek.cloud\/de\/wp-json\/wp\/v2\/pages"}],"about":[{"href":"https:\/\/microtek.cloud\/de\/wp-json\/wp\/v2\/types\/page"}],"author":[{"embeddable":true,"href":"https:\/\/microtek.cloud\/de\/wp-json\/wp\/v2\/users\/1"}],"replies":[{"embeddable":true,"href":"https:\/\/microtek.cloud\/de\/wp-json\/wp\/v2\/comments?post=3890"}],"version-history":[{"count":5,"href":"https:\/\/microtek.cloud\/de\/wp-json\/wp\/v2\/pages\/3890\/revisions"}],"predecessor-version":[{"id":4360,"href":"https:\/\/microtek.cloud\/de\/wp-json\/wp\/v2\/pages\/3890\/revisions\/4360"}],"wp:attachment":[{"href":"https:\/\/microtek.cloud\/de\/wp-json\/wp\/v2\/media?parent=3890"}],"curies":[{"name":"wp","href":"https:\/\/api.w.org\/{rel}","templated":true}]}}